{"id":10591,"date":"2015-10-19T04:23:53","date_gmt":"2015-10-19T04:23:53","guid":{"rendered":"http:\/\/demo.thimpress.com\/eduma\/?page_id=12"},"modified":"2026-02-12T09:44:56","modified_gmt":"2026-02-12T14:44:56","slug":"home","status":"publish","type":"page","link":"https:\/\/colsaber.edu.co\/web\/","title":{"rendered":"Inicio"},"content":{"rendered":"<div class=\"wpb-content-wrapper\"><p>[vc_row full_width=\u00bbstretch_row\u00bb css=\u00bb.vc_custom_1687880304629{margin-bottom: 0px !important;}\u00bb][vc_column][rev_slider_vc alias=\u00bbhome-page\u00bb][\/vc_column][\/vc_row][vc_row css=\u00bb.vc_custom_1552335716023{margin-top: -90px !important;background-color: #eee0cd !important;}\u00bb el_class=\u00bbrow_relative\u00bb][vc_column width=\u00bb2\/3&#8243; css=\u00bb.vc_custom_1532058844902{padding-top: 0px !important;}\u00bb][vc_row_inner css=\u00bb.vc_custom_1532058886594{margin-bottom: 0px !important;padding-top: 35px !important;padding-right: 20px !important;padding-bottom: 30px !important;padding-left: 20px !important;}\u00bb][vc_column_inner width=\u00bb1\/3&#8243;]<div class=\"thim-widget-icon-box template-base\"><div class=\"wrapper-box-icon text-left \" ><div class=\"smicon-box iconbox-left\" style=\"--icon-font-size:48px;--icon-color:#dd6c30;--icon-width: 60px;--icon-height: 55px;--icon-color-hover:#dfc290;\"><div class=\"boxes-icon\"><a class=\"icon-box-link\" target=\"_self\" href=\"#\"><span class=\"inner-icon\"><span class=\"icon\"><i class=\"fa fa-briefcase\"\"><\/i><\/span><\/span><\/span><\/a><\/div><div class=\"content-inner\"><div class=\"sc-heading article_heading\"><h3 class = \"heading__primary\" style=\"--title-color: #2ec4b6;--title-font-size: 18px;--title-font-weight: 400;--title-margin-bottom: 5px;\"><a class=\"icon-box-link\" target=\"_self\" href=\"#\" >MODALIDADES T\u00c9CNICAS<\/a><\/h3><\/div><\/div><\/div><\/div><\/div>[\/vc_column_inner][vc_column_inner width=\u00bb1\/3&#8243;]<div class=\"thim-widget-icon-box template-base\"><div class=\"wrapper-box-icon text-left \" ><div class=\"smicon-box iconbox-left\" style=\"--icon-font-size:48px;--icon-color:#dd6c30;--icon-width: 60px;--icon-height: 55px;--icon-color-hover:#dfc290;\"><div class=\"boxes-icon\"><a class=\"icon-box-link\" target=\"_self\" href=\"#\"><span class=\"inner-icon\"><span class=\"icon\"><i class=\"ion-ios-book-outline\"\"><\/i><\/span><\/span><\/span><\/a><\/div><div class=\"content-inner\"><div class=\"sc-heading article_heading\"><h3 class = \"heading__primary\" style=\"--title-color: #2ec4b6;--title-font-size: 18px;--title-font-weight: 400;--title-margin-bottom: 5px;\"><a class=\"icon-box-link\" target=\"_self\" href=\"#\" >EDUCACI\u00d3N<\/a><\/h3><\/div><div class=\"desc-icon-box\"><div class=\"desc-content\" style=\"color: #292929;font-size: 16px;font-weight: 300;line-height: 23px;\">Preescolar y Primaria<\/div><\/div><\/div><\/div><\/div><\/div>[\/vc_column_inner][vc_column_inner width=\u00bb1\/3&#8243;]<div class=\"thim-widget-icon-box template-base\"><div class=\"wrapper-box-icon text-left \" ><div class=\"smicon-box iconbox-left\" style=\"--icon-font-size:48px;--icon-color:#dd6c30;--icon-width: 60px;--icon-height: 55px;--icon-color-hover:#dda94f;\"><div class=\"boxes-icon\"><a class=\"icon-box-link\" target=\"_self\" href=\"#\"><span class=\"inner-icon\"><span class=\"icon\"><i class=\"ion-ios-basketball-outline\"\"><\/i><\/span><\/span><\/span><\/a><\/div><div class=\"content-inner\"><div class=\"sc-heading article_heading\"><h3 class = \"heading__primary\" style=\"--title-color: #2ec4b6;--title-font-size: 18px;--title-font-weight: 400;--title-margin-bottom: 5px;\"><a class=\"icon-box-link\" target=\"_self\" href=\"#\" >EDUCACI\u00d3N<\/a><\/h3><\/div><div class=\"desc-icon-box\"><div class=\"desc-content\" style=\"color: #292929;font-size: 16px;font-weight: 300;line-height: 23px;\">Secundaria y Media<\/div><\/div><\/div><\/div><\/div><\/div>[\/vc_column_inner][\/vc_row_inner][\/vc_column][vc_column width=\u00bb1\/3&#8243; el_class=\u00bbfeature-icon-box\u00bb css=\u00bb.vc_custom_1532058945916{padding-top: 35px !important;padding-right: 0px !important;padding-bottom: 33px !important;padding-left: 30px !important;}\u00bb]<div class=\"thim-widget-icon-box template-base\"><div class=\"wrapper-box-icon text-left \" ><div class=\"smicon-box iconbox-right\" style=\"--icon-font-size:38px;--icon-color:#ffffff;--icon-width: 80px;--icon-height: 42px;--icon-color-hover:#842f30;\"><div class=\"boxes-icon\"><a class=\"icon-box-link\" target=\"_self\" href=\"https:\/\/colsaber.edu.co\/web\/egresados\"><span class=\"inner-icon\"><span class=\"icon\"><i class=\"fas fa-graduation-cap\"\"><\/i><\/span><\/span><\/span><\/a><\/div><div class=\"content-inner\"><div class=\"sc-heading article_heading\"><h3 class = \"heading__primary\" style=\"--title-color: #ffffff;--title-font-size: 20px;--title-font-weight: 500;--title-margin-bottom: 5px;\"><a class=\"icon-box-link\" target=\"_self\" href=\"https:\/\/colsaber.edu.co\/web\/egresados\" >REGISTRO DE EGRESADOS<\/a><\/h3><\/div><div class=\"desc-icon-box\"><div class=\"desc-content\" style=\"color: #ffffff;font-size: 16px;font-weight: 300;line-height: 23px;\">Actualizaci\u00f3n de Datos<\/div><\/div><\/div><\/div><\/div><\/div>[\/vc_column][\/vc_row][vc_row][vc_column width=\u00bb1\/2&#8243;]<div class=\"thim-widget-heading template-base\"><div class=\"sc_heading  \"><h3 class=\"title\">Avisos <strong>Importantes<\/strong><\/h3><\/div><\/div><div class=\"thim-widget-testimonials template-testimonials\">\n<div class=\"thim-testimonial-slider image-bottom\" data-activepadding=\"0\" data-time=\"5000\" data-visible=\"5\" data-auto=\"1\" data-mousewheel=\"1\"><div class=\"item\"><div class=\"content\"><div class=\"description\"><img loading=\"lazy\" decoding=\"async\" class=\"alignnone size-medium wp-image-11709\" src=\"https:\/\/colsaber.edu.co\/web\/wp-content\/uploads\/2019\/08\/IMG-20190725-WA0082-300x169.jpg\" alt=\"\" width=\"300\" height=\"169\" \/><\/div><h3 class=\"title\">Dia de la Independencia.<\/h3><div class=\"regency\"><\/div><\/div><\/div><div class=\"item\"><div class=\"content\"><div class=\"description\">\"Estamos trabajando con compromiso y responsabilidad para alcanzar la excelencia educativa\"<\/div><h3 class=\"title\">Ovy Company<\/h3><div class=\"regency\">Director<\/div><\/div><div class=\"image\"><img loading=\"lazy\" decoding=\"async\" src=\"https:\/\/colsaber.edu.co\/web\/wp-content\/uploads\/2019\/01\/favicon.png\" alt=\"favicon\" title=\"favicon\"  width=\"32\" height=\"32\" data-skip-lazy><\/div><\/div><\/div><\/div>[\/vc_column][vc_column width=\u00bb1\/2&#8243;][vc_btn title=\u00bbRendici\u00f3n de cuentas 2025&#8243; style=\u00bb3d\u00bb color=\u00bbsuccess\u00bb align=\u00bbcenter\u00bb css=\u00bb\u00bb button_block=\u00bbtrue\u00bb link=\u00bburl:https%3A%2F%2Fcolsaber.edu.co%2Fweb%2Fwp-content%2Fuploads%2F2026%2F02%2FINFORME-DE-GESTION-Y-RENDICION-DE-CUENTAS-2025-1_260212_093734.pdf|target:_blank\u00bb][vc_column_text css=\u00bb\u00bb]<\/p>\n<p><center><div style=\"width: 360px;\" class=\"wp-video\"><video class=\"wp-video-shortcode\" id=\"video-11551-1\" width=\"360\" height=\"640\" preload=\"metadata\" controls=\"controls\"><source type=\"video\/mp4\" src=\"https:\/\/colsaber.edu.co\/web\/wp-content\/uploads\/2026\/02\/WhatsApp-Video-2026-02-11-at-8.03.03-AM.mp4?_=1\" \/><a href=\"https:\/\/colsaber.edu.co\/web\/wp-content\/uploads\/2026\/02\/WhatsApp-Video-2026-02-11-at-8.03.03-AM.mp4\">https:\/\/colsaber.edu.co\/web\/wp-content\/uploads\/2026\/02\/WhatsApp-Video-2026-02-11-at-8.03.03-AM.mp4<\/a><\/video><\/div>\n<p>&nbsp;<\/p>\n<p><\/center>[\/vc_column_text][\/vc_column][\/vc_row][vc_row][vc_column][vc_zigzag][\/vc_column][\/vc_row][vc_row full_width=\u00bbstretch_row\u00bb gap=\u00bb15&#8243; css=\u00bb.vc_custom_1548372508104{margin-bottom: 0px !important;padding-top: 10px !important;padding-bottom: 10px !important;background-color: #ffffff !important;}\u00bb][vc_column width=\u00bb1\/2&#8243; css=\u00bb.vc_custom_1548712686673{padding-top: 10px !important;}\u00bb]<div class=\"thim-widget-heading template-base\"><div class=\"sc_heading  \"><h3 style=\"color:#292929;font-size:35px;font-weight:600;\" class=\"title\"><strong>Bienvenidos <\/strong>a Nuestra Instituci\u00f3n<\/h3><\/div><\/div>[vc_column_text css=\u00bb.vc_custom_1559493577398{margin-top: -15px !important;padding-right: 35px !important;}\u00bb]Sean todos bienvenidos al portal de la Instituci\u00f3n Educativa Colegio San Bernardo, situado en el Corregimiento de San Bernardo de Bata, Municipio de Toledo, Norte de Santander.<\/p>\n<p>Queremos saludar a toda la comunidad educativa de nuestro Colegio y ofrecer esta p\u00e1gina WEB para que a diario est\u00e9n informados sobre las actividades acad\u00e9micas, culturales, cient\u00edficas, deportivas y sociales de nuestra Instituci\u00f3n.<\/p>\n<p>Decirles que nos motiva vuestro inter\u00e9s y participaci\u00f3n en el proceso educativo de la ni\u00f1ez y la juventud. Ay\u00fadenos a ser realidad una educaci\u00f3n de calidad pues la educaci\u00f3n es una tarea de todos.<br \/>\nRecibimos sugerencias y cr\u00edticas constructivas para mejorar.[\/vc_column_text][\/vc_column][vc_column width=\u00bb1\/2&#8243; el_class=\u00bbthim-border-left-event\u00bb css=\u00bb.vc_custom_1548712678872{padding-top: 10px !important;}\u00bb]<div class=\"thim-widget-heading template-base\"><div class=\"sc_heading  \"><h3 style=\"color:#292929;font-size:35px;font-weight:600;\" class=\"title\">\u00daltimas <strong>Noticias<\/strong><\/h3><\/div><\/div><div class=\"thim-widget-list-post template-list-post\">\n<div class=\"sc-list-post thim-list-posts home-new\" >\n\t<div class=\"item-post post-11805 post type-post status-publish format-standard hentry category-descargas category-noticias\">\n\t\t<div class=\"article-title-wrapper\"><h5 class=\"title\"><a href=\"https:\/\/colsaber.edu.co\/web\/proyecto-educativo-institucional-2019\/\" class=\"article-title\">PROYECTO EDUCATIVO INSTITUCIONAL 2019<\/a><\/h5><div class=\"article-date\"><i class=\"tk tk-calendar-with-week-focus\"><\/i> 10 octubre, 2019<\/div><\/div><\/div>\n\t<div class=\"item-post post-11602 post type-post status-publish format-standard hentry category-noticias\">\n\t\t<div class=\"article-title-wrapper\"><h5 class=\"title\"><a href=\"https:\/\/colsaber.edu.co\/web\/juegos-interclases-version-2019\/\" class=\"article-title\">JUEGOS INTERCLASES VERSION 2019.<\/a><\/h5><div class=\"article-date\"><i class=\"tk tk-calendar-with-week-focus\"><\/i> 31 mayo, 2019<\/div><\/div><\/div>\n\t<div class=\"item-post post-540 post type-post status-publish format-standard hentry category-noticias\">\n\t\t<div class=\"article-title-wrapper\"><h5 class=\"title\"><a href=\"https:\/\/colsaber.edu.co\/web\/la-rae-elimino-letras-del-alfabeto-y-cambio-el-nombre-a-otras\/\" class=\"article-title\">La RAE elimin\u00f3 letras del Alfabeto y cambi\u00f3 el nombre a otras<\/a><\/h5><div class=\"article-date\"><i class=\"tk tk-calendar-with-week-focus\"><\/i> 13 abril, 2019<\/div><\/div><\/div><\/div><\/div>[\/vc_column][\/vc_row][vc_row full_width=\u00bbstretch_row\u00bb css=\u00bb.vc_custom_1559333313411{margin-bottom: 0px !important;padding-top: 60px !important;padding-bottom: 60px !important;background-color: #00a859 !important;}\u00bb][vc_column width=\u00bb1\/4&#8243; css=\u00bb.vc_custom_1532062830416{padding-top: 0px !important;}\u00bb]<div class=\"vc-extral_class home-grad\"><div class=\"thim-widget-counters-box template-base\"><div class=\"counter-box home-page\" style=\"\"><div class=\"content-box-percentage\">\n\t\t<div class=\"wrap-percentage\">\n\t\t<div class=\"display-percentage\" data-percentage=\"95\" >95<\/div><div class=\"text_number\">%<\/div><\/div><div class=\"counter-content-container\"><div class=\"counter-box-content\" style=\"\">Estudiantes Aprobados<\/div><\/div><\/div><\/div><\/div><\/div>[\/vc_column][vc_column width=\u00bb1\/4&#8243; css=\u00bb.vc_custom_1549114450977{padding-top: 0px !important;}\u00bb]<div class=\"vc-extral_class home-grad\"><div class=\"thim-widget-counters-box template-base\"><div class=\"counter-box home-page\" style=\"\"><div class=\"content-box-percentage\">\n\t\t<div class=\"wrap-percentage\">\n\t\t<div class=\"display-percentage\" data-percentage=\"60\" >60<\/div><div class=\"text_number\">K<\/div><\/div><div class=\"counter-content-container\"><div class=\"counter-box-content\" style=\"\">Estudiantes Atendidos<\/div><\/div><\/div><\/div><\/div><\/div>[\/vc_column][vc_column width=\u00bb1\/4&#8243; css=\u00bb.vc_custom_1532062843476{padding-top: 0px !important;}\u00bb]<div class=\"vc-extral_class home-grad\"><div class=\"thim-widget-counters-box template-base\"><div class=\"counter-box home-page\" style=\"\"><div class=\"content-box-percentage\">\n\t\t<div class=\"wrap-percentage\">\n\t\t<div class=\"display-percentage\" data-percentage=\"3200\" >3200<\/div><div class=\"text_number\"><\/div><\/div><div class=\"counter-content-container\"><div class=\"counter-box-content\" style=\"\">Estudiantes Graduados<\/div><\/div><\/div><\/div><\/div><\/div>[\/vc_column][vc_column width=\u00bb1\/4&#8243; css=\u00bb.vc_custom_1532062850425{padding-top: 0px !important;}\u00bb]<div class=\"vc-extral_class home-grad\"><div class=\"thim-widget-counters-box template-base\"><div class=\"counter-box home-page\" style=\"\"><div class=\"content-box-percentage\">\n\t\t<div class=\"wrap-percentage\">\n\t\t<div class=\"display-percentage\" data-percentage=\"45\" >45<\/div><div class=\"text_number\"><\/div><\/div><div class=\"counter-content-container\"><div class=\"counter-box-content\" style=\"\">A\u00f1os de Historia<\/div><\/div><\/div><\/div><\/div><\/div>[\/vc_column][\/vc_row][vc_row full_width=\u00bbstretch_row\u00bb][vc_column width=\u00bb1\/3&#8243;]<div class=\"thim-widget-heading template-base\"><div class=\"sc_heading  \"><h3 style=\"color:#292929;font-size:35px;font-weight:600;\" class=\"title\">Nuestra <strong>Misi\u00f3n<\/strong><\/h3><\/div><\/div>[vc_column_text css=\u00bb.vc_custom_1570642265373{margin-bottom: 35px !important;}\u00bb]<\/p>\n<div class=\"textwidget\">\n<p>La Instituci\u00f3n Educativa Colegio San Bernardo forma integral, cient\u00edfica y t\u00e9cnicamente personas con sentido reflexivo, cr\u00edtico, creativo, emprendedor, competente, productivo y con\u00a0 \u00a0valores humanos; que contribuyan al pleno desarrollo personal, familiar y social que les permita ser factor de cambio para su entorno en pro de una mejor calidad de vida. Promoviendo el desarrollo comunitario a trav\u00e9s del apoyo de modelos educativos como el Proyecto \u00a0SerHumano.<\/p><\/div>\n<p>[\/vc_column_text]<div class=\"thim-widget-button template-base\"><a class=\"widget-button very-rounded no-border small custom_style\" href=\"https:\/\/colsaber.edu.co\/web\/nuestro-colegio\/\" style=\"--widget-button-font-size: 14px;--widget-button-font-weight: 400;--widget-button-color: #ffffff;--widget-button-background-color: #2ec4b6;--widget-button-color-hover: #ffffff;--widget-button-background-color-hover: #1c9b8e;\"><i class=\"fa fa-plus\" style=\"font-size: 14px;\"><\/i> Informaci\u00f3n<\/a><\/div>[\/vc_column][vc_column width=\u00bb1\/3&#8243;]<div class=\"thim-widget-heading template-base\"><div class=\"sc_heading  \"><h3 class=\"title\">Nuestro <strong>Escudo<\/strong><\/h3><\/div><\/div>[vc_single_image image=\u00bb11596&#8243; img_size=\u00bbmedium\u00bb alignment=\u00bbcenter\u00bb][\/vc_column][vc_column width=\u00bb1\/3&#8243;]<div class=\"thim-widget-heading template-base\"><div class=\"sc_heading  text-center\"><h3 style=\"color:#292929;font-size:35px;font-weight:600;\" class=\"title\">Nuestra <strong>Visi\u00f3n<\/strong><\/h3><\/div><\/div>[vc_column_text]La instituci\u00f3n Educativa San Bernardo ser\u00e1 reconocida al 2025 como establecimiento l\u00edder a nivel municipal y calificado en su oferta, con un curr\u00edculo pertinente, din\u00e1mico y competente; generador de procesos educativos, investigativos, \u00a0productivos \u00a0y\u00a0 articulados \u00a0con\u00a0\u00a0 \u00a0nuevas \u00a0pol\u00edticas\u00a0 globales \u00a0y\u00a0 de nuevas tecnolog\u00edas; enfocada en la agroindustria como rama de proyecci\u00f3n, sostenibilidad y de impacto rural, que posibilite al estudiante su ingreso a la educaci\u00f3n superior y\/o la vinculaci\u00f3n al sector laboral.[\/vc_column_text][\/vc_column][\/vc_row][vc_row css=\u00bb.vc_custom_1739415392143{background-image: url(https:\/\/colsaber.edu.co\/web\/wp-content\/uploads\/2025\/02\/Teprot.png?id=12046) !important;background-position: center !important;background-repeat: no-repeat !important;background-size: cover !important;}\u00bb][vc_column width=\u00bb1\/3&#8243;][\/vc_column][vc_column width=\u00bb1\/3&#8243;]<div class=\"thim-widget-heading template-base\"><div class=\"sc_heading  text-center\"><h3 style=\"color:#1e73be;font-size:20px;font-weight:bold;\" class=\"title\">TeGu\u00edo<\/h3><\/div><\/div>[vc_column_text css=\u00bb\u00bb]<\/p>\n<p style=\"text-align: center;\">Si tienes dudas sobre l\u00edmites en las relaciones, consentimiento, contacto con material de explotaci\u00f3n sexual de ni\u00f1as, ni\u00f1os y adolescentes, preocupaciones sobre los intereses, comentarios o comportamientos sexuales de alguien menor de 18 a\u00f1os, en Te Gu\u00edo est\u00e1 bien preguntar.<\/p>\n<p>[\/vc_column_text][vc_btn title=\u00bbVisitar Sitio\u00bb style=\u00bb3d\u00bb color=\u00bbprimary\u00bb size=\u00bbsm\u00bb align=\u00bbcenter\u00bb i_icon_fontawesome=\u00bbfas fa-external-link-alt\u00bb css=\u00bb\u00bb add_icon=\u00bbtrue\u00bb link=\u00bburl:https%3A%2F%2Fwww.teguiocolombia.org%2Findex.html|target:_blank\u00bb][\/vc_column][vc_column width=\u00bb1\/3&#8243;][\/vc_column][\/vc_row][vc_row css=\u00bb.vc_custom_1548794962314{padding-top: 0px !important;padding-bottom: 0px !important;}\u00bb][vc_column][vc_separator]<div class=\"thim-widget-heading template-base\"><div class=\"sc_heading  text-center\"><h3 class=\"title\">Nuestra <strong> Galer\u00eda <\/strong><\/h3><\/div><\/div><div class=\"thim-widget-gallery-posts template-gallery-posts\">\n\n\t<div class=\"wrapper-gallery-filter isotope-layout\" itemscope itemtype=\"http:\/\/schema.org\/ItemList\">\n\t\t<div class=\"item_gallery size11 filter-3470\"><a class=\"thim-gallery-popup\" href=\"#\" data-id=\"11961\"><div class=\"info_post\"><span class=\"inner-info\"><i class=\"fas fa-expand\"><\/i> Feria Gastronomica<\/span><\/div><img loading=\"lazy\" decoding=\"async\" src=\"https:\/\/colsaber.edu.co\/web\/wp-content\/uploads\/2019\/11\/IMG-20191123-WA0008-copia-225x225.jpg\" alt=\"Feria Gastronomica\" title=\"IMG-20191123-WA0008 &#8211; copia\"  width=\"225\" height=\"225\"><\/a><\/div><div class=\"item_gallery size11 filter-3470\"><a class=\"thim-gallery-popup\" href=\"#\" data-id=\"11958\"><div class=\"info_post\"><span class=\"inner-info\"><i class=\"fas fa-expand\"><\/i> entrega de banderas,premiaci\u00f3n de interclases 2019 y despedida de prom2019&#8230;<\/span><\/div><img loading=\"lazy\" decoding=\"async\" src=\"https:\/\/colsaber.edu.co\/web\/wp-content\/uploads\/2019\/11\/IMG-20191120-WA0008-225x225.jpg\" alt=\"entrega de banderas,premiaci\u00f3n de interclases 2019 y despedida de prom2019&#8230;\" title=\"IMG-20191120-WA0008\"  width=\"225\" height=\"225\"><\/a><\/div><div class=\"item_gallery size11 filter-3470\"><a class=\"thim-gallery-popup\" href=\"#\" data-id=\"11912\"><div class=\"info_post\"><span class=\"inner-info\"><i class=\"fas fa-expand\"><\/i> COLSABER LOS ESPERA!!!<\/span><\/div><img loading=\"lazy\" decoding=\"async\" src=\"https:\/\/colsaber.edu.co\/web\/wp-content\/uploads\/2019\/11\/johanagelvez-225x225.jpg\" alt=\"COLSABER LOS ESPERA!!!\" title=\"\"  width=\"225\" height=\"225\"><\/a><\/div><div class=\"item_gallery size11 filter-3470\"><a class=\"thim-gallery-popup\" href=\"#\" data-id=\"11893\"><div class=\"info_post\"><span class=\"inner-info\"><i class=\"fas fa-expand\"><\/i> Charla de reflexion.<\/span><\/div><img loading=\"lazy\" decoding=\"async\" src=\"https:\/\/colsaber.edu.co\/web\/wp-content\/uploads\/2019\/11\/IMG_0659-225x225.jpg\" alt=\"Charla de reflexion.\" title=\"IMG_0659\"  width=\"225\" height=\"225\"><\/a><\/div><div class=\"item_gallery size11 filter-3470\"><a class=\"thim-gallery-popup\" href=\"#\" data-id=\"11890\"><div class=\"info_post\"><span class=\"inner-info\"><i class=\"fas fa-expand\"><\/i> PARTICIPACI\u00d3N DE SIMULACRO<\/span><\/div><img loading=\"lazy\" decoding=\"async\" src=\"https:\/\/colsaber.edu.co\/web\/wp-content\/uploads\/2019\/10\/20191002_092158-1-225x225.jpg\" alt=\"PARTICIPACI\u00d3N DE SIMULACRO\" title=\"20191002_092158\"  width=\"225\" height=\"225\"><\/a><\/div><div class=\"item_gallery size11 filter-3472\"><a class=\"thim-gallery-popup\" href=\"#\" data-id=\"11754\"><div class=\"info_post\"><span class=\"inner-info\"><i class=\"fas fa-expand\"><\/i> INTERCLASES  2019<\/span><\/div><img loading=\"lazy\" decoding=\"async\" src=\"https:\/\/colsaber.edu.co\/web\/wp-content\/uploads\/2019\/08\/IMG-20190822-WA00651-225x225.jpg\" alt=\"INTERCLASES  2019\" title=\"IMG-20190822-WA0065[1]\"  width=\"225\" height=\"225\"><\/a><\/div><div class=\"item_gallery size11 filter-3470\"><a class=\"thim-gallery-popup\" href=\"#\" data-id=\"11749\"><div class=\"info_post\"><span class=\"inner-info\"><i class=\"fas fa-expand\"><\/i> DIA DE LA INDEPENDENCIA.<\/span><\/div><img loading=\"lazy\" decoding=\"async\" src=\"https:\/\/colsaber.edu.co\/web\/wp-content\/uploads\/2019\/08\/IMG-20190725-WA0067-225x225.jpg\" alt=\"DIA DE LA INDEPENDENCIA.\" title=\"IMG-20190725-WA0067\"  width=\"225\" height=\"225\"><\/a><\/div><div class=\"item_gallery size11 filter-3470\"><a class=\"thim-gallery-popup\" href=\"#\" data-id=\"11398\"><div class=\"info_post\"><span class=\"inner-info\"><i class=\"fas fa-expand\"><\/i> Graduados<\/span><\/div><img decoding=\"async\" src=\"https:\/\/colsaber.edu.co\/web\/wp-content\/uploads\/2019\/01\/demo_image.jpg\" alt=\"Graduados\" title=\"demo_image\" ><\/a><\/div><div class=\"item_gallery size11 filter-3470\"><a class=\"thim-gallery-popup\" href=\"#\" data-id=\"11396\"><div class=\"info_post\"><span class=\"inner-info\"><i class=\"fas fa-expand\"><\/i> Murales Nuestro Colegio<\/span><\/div><img decoding=\"async\" src=\"https:\/\/colsaber.edu.co\/web\/wp-content\/uploads\/2019\/01\/demo_image.jpg\" alt=\"Murales Nuestro Colegio\" title=\"demo_image\" ><\/a><\/div><div class=\"item_gallery size11 filter-3473\"><a class=\"thim-gallery-popup\" href=\"#\" data-id=\"11364\"><div class=\"info_post\"><span class=\"inner-info\"><i class=\"fas fa-expand\"><\/i> Eventos 2014<\/span><\/div><img decoding=\"async\" src=\"https:\/\/colsaber.edu.co\/web\/wp-content\/uploads\/2019\/01\/demo_image.jpg\" alt=\"Eventos 2014\" title=\"demo_image\" ><\/a><\/div>\t<\/div>\n\t<div class=\"thim-gallery-show\"><\/div>\n\n\t<\/div>[\/vc_column][\/vc_row][vc_row full_width=\u00bbstretch_row\u00bb css=\u00bb.vc_custom_1739415421911{padding-top: 80px !important;padding-bottom: 80px !important;background-color: #71cefc !important;}\u00bb][vc_column css=\u00bb.vc_custom_1532076559485{padding-top: 0px !important;}\u00bb]<div class=\"vc-extral_class wpb_animate_when_almost_visible wpb_left-to-right left-to-right\"><div class=\"thim-widget-gallery-images template-base\"><div class=\"thim-carousel-wrapper gallery-img\" data-visible=\"3\" data-itemtablet=\"3\" data-itemmobile=\"3\" data-autoplay=\"0\" data-navigation=\"0\" data-pagination=\"0\" data-loop=\"true\"><div class=\"item\"><a target=_blank href=\"https:\/\/teprotejocolombia.org\/\"><img loading=\"lazy\" decoding=\"async\" width=\"412\" height=\"150\" src=\"https:\/\/colsaber.edu.co\/web\/wp-content\/uploads\/2025\/02\/TEPROTEJO.png\" class=\"attachment-large size-large\" alt=\"\" srcset=\"https:\/\/colsaber.edu.co\/web\/wp-content\/uploads\/2025\/02\/TEPROTEJO.png 412w, https:\/\/colsaber.edu.co\/web\/wp-content\/uploads\/2025\/02\/TEPROTEJO-300x109.png 300w\" sizes=\"auto, (max-width: 412px) 100vw, 412px\" \/><\/a><\/div><div class=\"item\"><a target=_blank href=\"https:\/\/www.sena.edu.co\/es-co\/Paginas\/default.aspx\"><img loading=\"lazy\" decoding=\"async\" width=\"153\" height=\"150\" src=\"https:\/\/colsaber.edu.co\/web\/wp-content\/uploads\/2025\/02\/logoSena-e1737411421366.png\" class=\"attachment-large size-large\" alt=\"\" \/><\/a><\/div><div class=\"item\"><a target=_blank href=\"https:\/\/www.icfes.gov.co\/\"><img loading=\"lazy\" decoding=\"async\" width=\"108\" height=\"150\" src=\"https:\/\/colsaber.edu.co\/web\/wp-content\/uploads\/2025\/02\/ICFES.png\" class=\"attachment-large size-large\" alt=\"\" \/><\/a><\/div><\/div><\/div><\/div>[\/vc_column][\/vc_row]<\/p>\n<\/div>","protected":false},"excerpt":{"rendered":"<p>[vc_row full_width=\u00bbstretch_row\u00bb css=\u00bb.vc_custom_1687880304629{margin-bottom: 0px !important;}\u00bb][vc_column][rev_slider_vc alias=\u00bbhome-page\u00bb][\/vc_column][\/vc_row][vc_row css=\u00bb.vc_custom_1552335716023{margin-top: -90px !important;background-color: #eee0cd !important;}\u00bb el_class=\u00bbrow_relative\u00bb][vc_column width=\u00bb2\/3&#8243; css=\u00bb.vc_custom_1532058844902{padding-top: 0px !important;}\u00bb][vc_row_inner css=\u00bb.vc_custom_1532058886594{margin-bottom: 0px !important;padding-top: 35px !important;padding-right: 20px !important;padding-bottom: 30px !important;padding-left: 20px !important;}\u00bb][vc_column_inner width=\u00bb1\/3&#8243;][\/vc_column_inner][vc_column_inner width=\u00bb1\/3&#8243;][\/vc_column_inner][vc_column_inner width=\u00bb1\/3&#8243;][\/vc_column_inner][\/vc_row_inner][\/vc_column][vc_column width=\u00bb1\/3&#8243; el_class=\u00bbfeature-icon-box\u00bb css=\u00bb.vc_custom_1532058945916{padding-top: 35px !important;padding-right: 0px !important;padding-bottom: 33px !important;padding-left: 30px &hellip; <\/p>\n","protected":false},"author":1,"featured_media":0,"parent":0,"menu_order":0,"comment_status":"closed","ping_status":"closed","template":"page-templates\/homepage.php","meta":{"footnotes":""},"class_list":["post-10591","page","type-page","status-publish","hentry"],"_links":{"self":[{"href":"https:\/\/colsaber.edu.co\/web\/wp-json\/wp\/v2\/pages\/10591","targetHints":{"allow":["GET"]}}],"collection":[{"href":"https:\/\/colsaber.edu.co\/web\/wp-json\/wp\/v2\/pages"}],"about":[{"href":"https:\/\/colsaber.edu.co\/web\/wp-json\/wp\/v2\/types\/page"}],"author":[{"embeddable":true,"href":"https:\/\/colsaber.edu.co\/web\/wp-json\/wp\/v2\/users\/1"}],"replies":[{"embeddable":true,"href":"https:\/\/colsaber.edu.co\/web\/wp-json\/wp\/v2\/comments?post=10591"}],"version-history":[{"count":11,"href":"https:\/\/colsaber.edu.co\/web\/wp-json\/wp\/v2\/pages\/10591\/revisions"}],"predecessor-version":[{"id":12054,"href":"https:\/\/colsaber.edu.co\/web\/wp-json\/wp\/v2\/pages\/10591\/revisions\/12054"}],"wp:attachment":[{"href":"https:\/\/colsaber.edu.co\/web\/wp-json\/wp\/v2\/media?parent=10591"}],"curies":[{"name":"wp","href":"https:\/\/api.w.org\/{rel}","templated":true}]}}